{"id":3146,"date":"2025-09-25T16:27:58","date_gmt":"2025-09-25T16:27:58","guid":{"rendered":"https:\/\/shop.paintmynook.gr\/?post_type=product&#038;p=3146"},"modified":"2026-01-30T13:13:17","modified_gmt":"2026-01-30T13:13:17","slug":"couleur-raye-planter-covers","status":"publish","type":"product","link":"https:\/\/shop.paintmynook.gr\/en\/products\/decoration\/planter-covers\/couleur-raye-planter-covers\/","title":{"rendered":"Couleur Ray\u00e9 planter covers"},"content":{"rendered":"<p>MATERIAL: Papier-m\u00e2ch\u00e9, acrylic paint<br \/>\nCOLOR: Variable<br \/>\nDIMENSIONS: inner diameter 9.5 cm, height 16.0 cm<br \/>\nWEIGHT: 170 gr<br \/>\nBreak resistant. Do not wash or soak in water. Remove the planter cover before watering your plant or water carefully.<\/p>\n","protected":false},"excerpt":{"rendered":"<p>Bring the timeless and elegant striped pattern to your interior with our Couleur Ray\u00e9 planter covers. Their handcrafted textured finish complement artistically your greenery. Enjoy the available color variations of the hand-painted stripes and choose the one that fits your style.\u00a0 This sturdy planter cover can contain your planter as provided by your florist. The durable papier-m\u00e2ch\u00e9 construction provides an eco-friendly alternative to heavier materials, while its lightweight design makes repositioning your plants effortless. Of course you need to use a plate to collect drained water, but you do not need to transplant before your plant needs it!<\/p>\n<p>The planter cover is perfect for small indoor plants that need infrequent watering, like cacti and succulents.<\/p>\n","protected":false},"featured_media":3162,"comment_status":"closed","ping_status":"closed","template":"","meta":{"_seopress_robots_primary_cat":"none","_seopress_titles_title":"%%post_title%% %%sep%% %%sitetitle%%","_seopress_titles_desc":"Handpainted colorful, striped planter covers, for small plants. Made of papier mache.","_seopress_robots_index":""},"product_brand":[104],"product_cat":[197,98,327,96,229],"product_tag":[170,231,106,230,233,234,232],"class_list":{"0":"post-3146","1":"product","2":"type-product","3":"status-publish","4":"has-post-thumbnail","6":"product_brand-paintmynookcrafts","7":"product_cat-all-products","8":"product_cat-decoration","9":"product_cat-gifts-under-40","10":"product_cat-papier-mache","11":"product_cat-planter-covers","12":"product_tag-decoration","13":"product_tag-garden","14":"product_tag-papier-mache","15":"product_tag-planter-cover","16":"product_tag-233","17":"product_tag-234","18":"product_tag-232","19":"product_shipping_class-medium","21":"first","22":"instock","23":"taxable","24":"shipping-taxable","25":"purchasable","26":"product-type-variable"},"_links":{"self":[{"href":"https:\/\/shop.paintmynook.gr\/en\/wp-json\/wp\/v2\/product\/3146","targetHints":{"allow":["GET"]}}],"collection":[{"href":"https:\/\/shop.paintmynook.gr\/en\/wp-json\/wp\/v2\/product"}],"about":[{"href":"https:\/\/shop.paintmynook.gr\/en\/wp-json\/wp\/v2\/types\/product"}],"replies":[{"embeddable":true,"href":"https:\/\/shop.paintmynook.gr\/en\/wp-json\/wp\/v2\/comments?post=3146"}],"version-history":[{"count":3,"href":"https:\/\/shop.paintmynook.gr\/en\/wp-json\/wp\/v2\/product\/3146\/revisions"}],"predecessor-version":[{"id":3160,"href":"https:\/\/shop.paintmynook.gr\/en\/wp-json\/wp\/v2\/product\/3146\/revisions\/3160"}],"wp:featuredmedia":[{"embeddable":true,"href":"https:\/\/shop.paintmynook.gr\/en\/wp-json\/wp\/v2\/media\/3162"}],"wp:attachment":[{"href":"https:\/\/shop.paintmynook.gr\/en\/wp-json\/wp\/v2\/media?parent=3146"}],"wp:term":[{"taxonomy":"product_brand","embeddable":true,"href":"https:\/\/shop.paintmynook.gr\/en\/wp-json\/wp\/v2\/product_brand?post=3146"},{"taxonomy":"product_cat","embeddable":true,"href":"https:\/\/shop.paintmynook.gr\/en\/wp-json\/wp\/v2\/product_cat?post=3146"},{"taxonomy":"product_tag","embeddable":true,"href":"https:\/\/shop.paintmynook.gr\/en\/wp-json\/wp\/v2\/product_tag?post=3146"}],"curies":[{"name":"wp","href":"https:\/\/api.w.org\/{rel}","templated":true}]}}