{"id":2920,"date":"2025-06-03T16:26:40","date_gmt":"2025-06-03T16:26:40","guid":{"rendered":"https:\/\/shop.paintmynook.gr\/?post_type=product&#038;p=2920"},"modified":"2026-01-30T13:46:00","modified_gmt":"2026-01-30T13:46:00","slug":"sunset-planter-cover","status":"publish","type":"product","link":"https:\/\/shop.paintmynook.gr\/en\/products\/decoration\/planter-covers\/sunset-planter-cover\/","title":{"rendered":"Sunset planter cover"},"content":{"rendered":"<p>MATERIAL: Papier-m\u00e2ch\u00e9, rope, acrylic paint<br \/>\nCOLOR: Dusty orange, beige with terrazzo effect.<br \/>\nDIMENSIONS: inner diameter 15.0 m, height 16.0 cm<br \/>\nWEIGHT: 375 gr<br \/>\nBreak resistant. Do not wash or soak in water. Remove the planter cover before watering your plant or water carefully.<\/p>\n","protected":false},"excerpt":{"rendered":"<p>Complement your indoor greenery with our harmoniously contrasting Sunset planter cover. Its handcrafted textured finish and rope handles complement artistically your greenery. Enjoy the detailed crafting of terrazzo effect incorporated in the papier-m\u00e2ch\u00e9 process. This sturdy planter cover can contain your planter as provided by your florist. The durable papier-m\u00e2ch\u00e9 construction provides an eco-friendly alternative to heavier materials, while its lightweight design makes repositioning your plants effortless. Of course you need to use a plate to collect drained water, but you do not need to transplant before your plant needs it!<\/p>\n<p>The planter cover is perfect for indoor plants that need infrequent watering, like cacti, succulents and sansevierias.<\/p>\n","protected":false},"featured_media":2926,"comment_status":"closed","ping_status":"closed","template":"","meta":{"_seopress_robots_primary_cat":"none","_seopress_titles_title":"%%post_title%% %%sep%% %%sitetitle%%","_seopress_titles_desc":"A handmade, papier mache planter cover.","_seopress_robots_index":""},"product_brand":[104],"product_cat":[197,98,96,229],"product_tag":[170,231,106,230,233,234,232],"class_list":{"0":"post-2920","1":"product","2":"type-product","3":"status-publish","4":"has-post-thumbnail","6":"product_brand-paintmynookcrafts","7":"product_cat-all-products","8":"product_cat-decoration","9":"product_cat-papier-mache","10":"product_cat-planter-covers","11":"product_tag-decoration","12":"product_tag-garden","13":"product_tag-papier-mache","14":"product_tag-planter-cover","15":"product_tag-233","16":"product_tag-234","17":"product_tag-232","18":"product_shipping_class-medium","20":"first","21":"instock","22":"taxable","23":"shipping-taxable","24":"purchasable","25":"product-type-simple"},"_links":{"self":[{"href":"https:\/\/shop.paintmynook.gr\/en\/wp-json\/wp\/v2\/product\/2920","targetHints":{"allow":["GET"]}}],"collection":[{"href":"https:\/\/shop.paintmynook.gr\/en\/wp-json\/wp\/v2\/product"}],"about":[{"href":"https:\/\/shop.paintmynook.gr\/en\/wp-json\/wp\/v2\/types\/product"}],"replies":[{"embeddable":true,"href":"https:\/\/shop.paintmynook.gr\/en\/wp-json\/wp\/v2\/comments?post=2920"}],"version-history":[{"count":3,"href":"https:\/\/shop.paintmynook.gr\/en\/wp-json\/wp\/v2\/product\/2920\/revisions"}],"predecessor-version":[{"id":2923,"href":"https:\/\/shop.paintmynook.gr\/en\/wp-json\/wp\/v2\/product\/2920\/revisions\/2923"}],"wp:featuredmedia":[{"embeddable":true,"href":"https:\/\/shop.paintmynook.gr\/en\/wp-json\/wp\/v2\/media\/2926"}],"wp:attachment":[{"href":"https:\/\/shop.paintmynook.gr\/en\/wp-json\/wp\/v2\/media?parent=2920"}],"wp:term":[{"taxonomy":"product_brand","embeddable":true,"href":"https:\/\/shop.paintmynook.gr\/en\/wp-json\/wp\/v2\/product_brand?post=2920"},{"taxonomy":"product_cat","embeddable":true,"href":"https:\/\/shop.paintmynook.gr\/en\/wp-json\/wp\/v2\/product_cat?post=2920"},{"taxonomy":"product_tag","embeddable":true,"href":"https:\/\/shop.paintmynook.gr\/en\/wp-json\/wp\/v2\/product_tag?post=2920"}],"curies":[{"name":"wp","href":"https:\/\/api.w.org\/{rel}","templated":true}]}}