{"id":210,"date":"2025-02-05T14:00:21","date_gmt":"2025-02-05T14:00:21","guid":{"rendered":"https:\/\/shop.paintmynook.gr\/?post_type=product&#038;p=210"},"modified":"2026-05-07T09:09:55","modified_gmt":"2026-05-07T09:09:55","slug":"forest-stroll-bowl","status":"publish","type":"product","link":"https:\/\/shop.paintmynook.gr\/en\/products\/decoration\/bowls\/forest-stroll-bowl\/","title":{"rendered":"Forest Stroll papier m\u00e2ch\u00e9 bowl"},"content":{"rendered":"<p>MATERIAL: Papier-m\u00e2ch\u00e9, acrylic paint<br \/>\nCOLOR: deep green<br \/>\nDIMENSIONS: Diameter: 19 cm, height\/depth: 5 cm<br \/>\nWEIGHT: 80 gr<br \/>\nBreak resistant. Do not wash or soak in water. Not suitable for unpacked food use.<\/p>\n","protected":false},"excerpt":{"rendered":"<p>Deep green colored papier-m\u00e2ch\u00e9 decorative bowl. Perfect for your bead collection or as a card-deck holder.<br \/>\nHand-crafted by Nikoletta, using a slow and sustainable process.<\/p>\n","protected":false},"featured_media":2088,"comment_status":"closed","ping_status":"closed","template":"","meta":{"_seopress_robots_primary_cat":"none","_seopress_titles_title":"%%post_title%% %%sep%% %%sitetitle%%","_seopress_titles_desc":"A handmade, papier mache bowl.","_seopress_robots_index":""},"product_brand":[104],"product_cat":[197,88,98,327,96],"product_tag":[105,106,201,200,107,258,257,259,249,256,260],"class_list":{"0":"post-210","1":"product","2":"type-product","3":"status-publish","4":"has-post-thumbnail","6":"product_brand-paintmynookcrafts","7":"product_cat-all-products","8":"product_cat-bowls","9":"product_cat-decoration","10":"product_cat-gifts-under-40","11":"product_cat-papier-mache","12":"product_tag-bowls","13":"product_tag-papier-mache","14":"product_tag-recycled","15":"product_tag-sustainable","16":"product_tag-table-top","17":"product_tag-258","18":"product_tag-257","19":"product_tag-259","20":"product_tag-249","21":"product_tag-256","22":"product_tag-260","23":"product_shipping_class-small","25":"first","26":"outofstock","27":"sold-individually","28":"taxable","29":"shipping-taxable","30":"purchasable","31":"product-type-simple"},"_links":{"self":[{"href":"https:\/\/shop.paintmynook.gr\/en\/wp-json\/wp\/v2\/product\/210","targetHints":{"allow":["GET"]}}],"collection":[{"href":"https:\/\/shop.paintmynook.gr\/en\/wp-json\/wp\/v2\/product"}],"about":[{"href":"https:\/\/shop.paintmynook.gr\/en\/wp-json\/wp\/v2\/types\/product"}],"replies":[{"embeddable":true,"href":"https:\/\/shop.paintmynook.gr\/en\/wp-json\/wp\/v2\/comments?post=210"}],"version-history":[{"count":4,"href":"https:\/\/shop.paintmynook.gr\/en\/wp-json\/wp\/v2\/product\/210\/revisions"}],"predecessor-version":[{"id":2738,"href":"https:\/\/shop.paintmynook.gr\/en\/wp-json\/wp\/v2\/product\/210\/revisions\/2738"}],"wp:featuredmedia":[{"embeddable":true,"href":"https:\/\/shop.paintmynook.gr\/en\/wp-json\/wp\/v2\/media\/2088"}],"wp:attachment":[{"href":"https:\/\/shop.paintmynook.gr\/en\/wp-json\/wp\/v2\/media?parent=210"}],"wp:term":[{"taxonomy":"product_brand","embeddable":true,"href":"https:\/\/shop.paintmynook.gr\/en\/wp-json\/wp\/v2\/product_brand?post=210"},{"taxonomy":"product_cat","embeddable":true,"href":"https:\/\/shop.paintmynook.gr\/en\/wp-json\/wp\/v2\/product_cat?post=210"},{"taxonomy":"product_tag","embeddable":true,"href":"https:\/\/shop.paintmynook.gr\/en\/wp-json\/wp\/v2\/product_tag?post=210"}],"curies":[{"name":"wp","href":"https:\/\/api.w.org\/{rel}","templated":true}]}}