{"id":209,"date":"2025-02-05T14:00:21","date_gmt":"2025-02-05T14:00:21","guid":{"rendered":"https:\/\/shop.paintmynook.gr\/?post_type=product&#038;p=209"},"modified":"2026-01-30T15:51:50","modified_gmt":"2026-01-30T15:51:50","slug":"meadow-whisper-bowl","status":"publish","type":"product","link":"https:\/\/shop.paintmynook.gr\/en\/products\/decoration\/bowls\/meadow-whisper-bowl\/","title":{"rendered":"Meadow Whisper papier m\u00e2ch\u00e9 bowl"},"content":{"rendered":"<p>MATERIAL: Papier m\u00e2ch\u00e9, acrylic paint<br \/>\nCOLOR: beige, olive green<br \/>\nDIMENSIONS: Diameter: 15 cm, height\/depth: 6 cm<br \/>\nWEIGHT: 90 gr<br \/>\nBreak resistant. Do not wash or soak in water. Not suitable for unpacked food use.<\/p>\n","protected":false},"excerpt":{"rendered":"<p>Papier-m\u00e2ch\u00e9 decorative bowl with a beige concave side and olive rim. Perfect for your &#8220;welcome-spring&#8221; potpourri.<br \/>\nHand-crafted by Nikoletta, using a slow and sustainable process.<\/p>\n","protected":false},"featured_media":2090,"comment_status":"closed","ping_status":"closed","template":"","meta":{"_seopress_robots_primary_cat":"none","_seopress_titles_title":"%%post_title%% %%sep%% %%sitetitle%%","_seopress_titles_desc":"A handmade, papier mache bowl.","_seopress_robots_index":""},"product_brand":[104],"product_cat":[197,88,98,96],"product_tag":[105,106,201,200,107,258,257,259,249,256,260],"class_list":{"0":"post-209","1":"product","2":"type-product","3":"status-publish","4":"has-post-thumbnail","6":"product_brand-paintmynookcrafts","7":"product_cat-all-products","8":"product_cat-bowls","9":"product_cat-decoration","10":"product_cat-papier-mache","11":"product_tag-bowls","12":"product_tag-papier-mache","13":"product_tag-recycled","14":"product_tag-sustainable","15":"product_tag-table-top","16":"product_tag-258","17":"product_tag-257","18":"product_tag-259","19":"product_tag-249","20":"product_tag-256","21":"product_tag-260","22":"product_shipping_class-small","24":"first","25":"instock","26":"sold-individually","27":"taxable","28":"shipping-taxable","29":"purchasable","30":"product-type-simple"},"_links":{"self":[{"href":"https:\/\/shop.paintmynook.gr\/en\/wp-json\/wp\/v2\/product\/209","targetHints":{"allow":["GET"]}}],"collection":[{"href":"https:\/\/shop.paintmynook.gr\/en\/wp-json\/wp\/v2\/product"}],"about":[{"href":"https:\/\/shop.paintmynook.gr\/en\/wp-json\/wp\/v2\/types\/product"}],"replies":[{"embeddable":true,"href":"https:\/\/shop.paintmynook.gr\/en\/wp-json\/wp\/v2\/comments?post=209"}],"version-history":[{"count":6,"href":"https:\/\/shop.paintmynook.gr\/en\/wp-json\/wp\/v2\/product\/209\/revisions"}],"predecessor-version":[{"id":2737,"href":"https:\/\/shop.paintmynook.gr\/en\/wp-json\/wp\/v2\/product\/209\/revisions\/2737"}],"wp:featuredmedia":[{"embeddable":true,"href":"https:\/\/shop.paintmynook.gr\/en\/wp-json\/wp\/v2\/media\/2090"}],"wp:attachment":[{"href":"https:\/\/shop.paintmynook.gr\/en\/wp-json\/wp\/v2\/media?parent=209"}],"wp:term":[{"taxonomy":"product_brand","embeddable":true,"href":"https:\/\/shop.paintmynook.gr\/en\/wp-json\/wp\/v2\/product_brand?post=209"},{"taxonomy":"product_cat","embeddable":true,"href":"https:\/\/shop.paintmynook.gr\/en\/wp-json\/wp\/v2\/product_cat?post=209"},{"taxonomy":"product_tag","embeddable":true,"href":"https:\/\/shop.paintmynook.gr\/en\/wp-json\/wp\/v2\/product_tag?post=209"}],"curies":[{"name":"wp","href":"https:\/\/api.w.org\/{rel}","templated":true}]}}