{"id":208,"date":"2025-02-05T14:00:21","date_gmt":"2025-02-05T14:00:21","guid":{"rendered":"https:\/\/shop.paintmynook.gr\/?post_type=product&#038;p=208"},"modified":"2026-01-29T15:57:49","modified_gmt":"2026-01-29T15:57:49","slug":"beach-pebble-nest-bowl","status":"publish","type":"product","link":"https:\/\/shop.paintmynook.gr\/en\/products\/decoration\/bowls\/beach-pebble-nest-bowl\/","title":{"rendered":"Beach Pebble Nest &#8211; papier m\u00e2ch\u00e9 bowl"},"content":{"rendered":"<p>MATERIAL: Papier-m\u00e2ch\u00e9, acrylic paint<br \/>\nCOLOR: beige, gray<br \/>\nDIMENSIONS: Diameter: 15 cm, height\/depth: 6 cm<br \/>\nWEIGHT: 70 gr<br \/>\nBreak resistant. Do not wash or soak in water. Not suitable for unpacked food use.<\/p>\n","protected":false},"excerpt":{"rendered":"<p>Papier-m\u00e2ch\u00e9 decorative bowl with a beige concave side and grey rim. Perfect for those special pebbles you scouted along the beach during your summer vacation.<br \/>\nHand-crafted by Nikoletta, using a slow and sustainable process.<\/p>\n","protected":false},"featured_media":2089,"comment_status":"closed","ping_status":"closed","template":"","meta":{"_seopress_robots_primary_cat":"","_seopress_titles_title":"Beach Pebble Nest - papier m\u00e2ch\u00e9 bowl","_seopress_titles_desc":"A handmade, papier mache bowl.","_seopress_robots_index":""},"product_brand":[104],"product_cat":[197,88,98,96],"product_tag":[105,106,201,200,107,258,257,259,249,256,260],"class_list":{"0":"post-208","1":"product","2":"type-product","3":"status-publish","4":"has-post-thumbnail","6":"product_brand-paintmynookcrafts","7":"product_cat-all-products","8":"product_cat-bowls","9":"product_cat-decoration","10":"product_cat-papier-mache","11":"product_tag-bowls","12":"product_tag-papier-mache","13":"product_tag-recycled","14":"product_tag-sustainable","15":"product_tag-table-top","16":"product_tag-258","17":"product_tag-257","18":"product_tag-259","19":"product_tag-249","20":"product_tag-256","21":"product_tag-260","22":"product_shipping_class-small","24":"first","25":"instock","26":"sold-individually","27":"taxable","28":"shipping-taxable","29":"purchasable","30":"product-type-simple"},"_links":{"self":[{"href":"https:\/\/shop.paintmynook.gr\/en\/wp-json\/wp\/v2\/product\/208","targetHints":{"allow":["GET"]}}],"collection":[{"href":"https:\/\/shop.paintmynook.gr\/en\/wp-json\/wp\/v2\/product"}],"about":[{"href":"https:\/\/shop.paintmynook.gr\/en\/wp-json\/wp\/v2\/types\/product"}],"replies":[{"embeddable":true,"href":"https:\/\/shop.paintmynook.gr\/en\/wp-json\/wp\/v2\/comments?post=208"}],"version-history":[{"count":9,"href":"https:\/\/shop.paintmynook.gr\/en\/wp-json\/wp\/v2\/product\/208\/revisions"}],"predecessor-version":[{"id":2736,"href":"https:\/\/shop.paintmynook.gr\/en\/wp-json\/wp\/v2\/product\/208\/revisions\/2736"}],"wp:featuredmedia":[{"embeddable":true,"href":"https:\/\/shop.paintmynook.gr\/en\/wp-json\/wp\/v2\/media\/2089"}],"wp:attachment":[{"href":"https:\/\/shop.paintmynook.gr\/en\/wp-json\/wp\/v2\/media?parent=208"}],"wp:term":[{"taxonomy":"product_brand","embeddable":true,"href":"https:\/\/shop.paintmynook.gr\/en\/wp-json\/wp\/v2\/product_brand?post=208"},{"taxonomy":"product_cat","embeddable":true,"href":"https:\/\/shop.paintmynook.gr\/en\/wp-json\/wp\/v2\/product_cat?post=208"},{"taxonomy":"product_tag","embeddable":true,"href":"https:\/\/shop.paintmynook.gr\/en\/wp-json\/wp\/v2\/product_tag?post=208"}],"curies":[{"name":"wp","href":"https:\/\/api.w.org\/{rel}","templated":true}]}}